{"id":2,"date":"2017-09-26T16:44:33","date_gmt":"2017-09-26T16:44:33","guid":{"rendered":"https:\/\/bub-kfz.at\/?page_id=2"},"modified":"2022-09-15T14:21:36","modified_gmt":"2022-09-15T14:21:36","slug":"home","status":"publish","type":"page","link":"https:\/\/bub-kfz.at\/","title":{"rendered":"Home"},"content":{"rendered":"\n<figure class=\"wp-block-image\"><img src=\"https:\/\/bub-kfz.at\/wp-content\/uploads\/2017\/09\/SCHRIFT1-300x42.jpg\" alt=\"\"\/><\/figure>\n\n\n\n<h2>Was uns wichtig ist: Kundenzufriedenheit!<\/h2>\n\n\n\n<h4>57A \u00dcberpr\u00fcfung (\u201ePickerl\u201c) f\u00fcr alle Marken bis 3,5t und Anh\u00e4nger bis 750kg, ebenso Motorr\u00e4der und Mopeds <br><\/h4>\n\n\n\n<h4 id=\"block-4e0f080c-28a5-4396-951a-c4150c0d51dc\"><img loading=\"lazy\" width=\"50\" height=\"55\" src=\"https:\/\/bub-kfz.at\/wp-content\/uploads\/2017\/09\/stelle-1.jpg\" alt=\"\"><\/h4>\n\n\n\n<h6>Jahresservice<br>Motor\u00f6l- und Filterwechsel<br>Karosseriefachbetrieb<br>Hagelschadenreparatur<br>Schadensabwicklung mit der Versicherung<br>Reifenhandel und Service<br>Windschutzscheibentausch und Steinschlagreparatur<br>Tuning &#8211; individuelle Umbauarbeiten<br>Ersatzteil- und Zubeh\u00f6rhandel<br>Oldtimer-Ersatzteile<br>Unfallsch\u00e4den sowie Spenglerarbeiten<br>Klimaanlagen: Service<br>Standheizungen: Einbau und Service und vieles mehr!<\/h6>\n\n\n\n<p><\/p>\n\n\n\n<h5>Oldtimer-Ersatzteile!<\/h5>\n\n\n\n<p><\/p>\n\n\n\n<h4>Unser Team ist ausgezeichnet geschult und Sie erhalten stets eine optimale Service- und Kundenbetreuung.<\/h4>\n\n\n\n<h4>Reparaturen aller Art und aller Marken.<\/h4>\n\n\n\n<h2><\/h2>\n\n\n\n\n\n\n\n\n\n\n\n\n\n\n\n\n\n\n","protected":false},"excerpt":{"rendered":"<p>Was uns wichtig ist: Kundenzufriedenheit! 57A \u00dcberpr\u00fcfung (\u201ePickerl\u201c) f\u00fcr alle Marken bis 3,5t und Anh\u00e4nger bis 750kg, ebenso Motorr\u00e4der und Mopeds JahresserviceMotor\u00f6l- und FilterwechselKarosseriefachbetriebHagelschadenreparaturSchadensabwicklung mit der VersicherungReifenhandel und ServiceWindschutzscheibentausch und SteinschlagreparaturTuning &#8211; individuelle UmbauarbeitenErsatzteil- und Zubeh\u00f6rhandelOldtimer-ErsatzteileUnfallsch\u00e4den sowie SpenglerarbeitenKlimaanlagen: ServiceStandheizungen: Einbau und Service und vieles mehr! Oldtimer-Ersatzteile! Unser Team ist ausgezeichnet geschult und Sie erhalten stets [&hellip;]<\/p>\n","protected":false},"author":1,"featured_media":0,"parent":0,"menu_order":0,"comment_status":"closed","ping_status":"closed","template":"","meta":{"_links_to":"","_links_to_target":""},"_links":{"self":[{"href":"https:\/\/bub-kfz.at\/index.php?rest_route=\/wp\/v2\/pages\/2"}],"collection":[{"href":"https:\/\/bub-kfz.at\/index.php?rest_route=\/wp\/v2\/pages"}],"about":[{"href":"https:\/\/bub-kfz.at\/index.php?rest_route=\/wp\/v2\/types\/page"}],"author":[{"embeddable":true,"href":"https:\/\/bub-kfz.at\/index.php?rest_route=\/wp\/v2\/users\/1"}],"replies":[{"embeddable":true,"href":"https:\/\/bub-kfz.at\/index.php?rest_route=%2Fwp%2Fv2%2Fcomments&post=2"}],"version-history":[{"count":39,"href":"https:\/\/bub-kfz.at\/index.php?rest_route=\/wp\/v2\/pages\/2\/revisions"}],"predecessor-version":[{"id":785,"href":"https:\/\/bub-kfz.at\/index.php?rest_route=\/wp\/v2\/pages\/2\/revisions\/785"}],"wp:attachment":[{"href":"https:\/\/bub-kfz.at\/index.php?rest_route=%2Fwp%2Fv2%2Fmedia&parent=2"}],"curies":[{"name":"wp","href":"https:\/\/api.w.org\/{rel}","templated":true}]}}